{"id":77,"date":"2026-01-14T23:03:20","date_gmt":"2026-01-14T23:03:20","guid":{"rendered":"https:\/\/www.studiosztukakazda.pl\/index.php\/about-us\/"},"modified":"2026-01-17T15:37:08","modified_gmt":"2026-01-17T14:37:08","slug":"about-us","status":"publish","type":"page","link":"https:\/\/www.studiosztukakazda.pl\/index.php\/about-us\/","title":{"rendered":"O nas"},"content":{"rendered":"\t\t<div data-elementor-type=\"wp-page\" data-elementor-id=\"77\" class=\"elementor elementor-77\">\n\t\t\t\t<div class=\"elementor-element elementor-element-9fc3676 e-flex e-con-boxed e-con e-parent\" data-id=\"9fc3676\" data-element_type=\"container\" data-e-type=\"container\" data-settings=\"{&quot;background_background&quot;:&quot;classic&quot;}\">\n\t\t\t\t\t<div class=\"e-con-inner\">\n\t\t<div class=\"elementor-element elementor-element-569a268 e-con-full e-flex e-con e-child\" data-id=\"569a268\" data-element_type=\"container\" data-e-type=\"container\">\n\t\t\t\t<div class=\"elementor-element elementor-element-d0720a3 elementor-widget elementor-widget-heading\" data-id=\"d0720a3\" data-element_type=\"widget\" data-e-type=\"widget\" data-widget_type=\"heading.default\">\n\t\t\t\t\t<h2 class=\"elementor-heading-title elementor-size-default\">Sztuka w ka\u017cdym detalu<\/h2>\t\t\t\t<\/div>\n\t\t\t\t<div class=\"elementor-element elementor-element-0b27f51 elementor-widget elementor-widget-text-editor\" data-id=\"0b27f51\" data-element_type=\"widget\" data-e-type=\"widget\" data-widget_type=\"text-editor.default\">\n\t\t\t\t\t\t\t\t\t<p>Witaj w naszym artystycznym \u015bwiecie. Oferujemy warsztaty i wydarzenia, kt\u00f3re rozwijaj\u0105 kreatywno\u015b\u0107 i pasj\u0119 do sztuki. Niezale\u017cnie od wieku czy do\u015bwiadczenia, ka\u017cdy znajdzie co\u015b dla siebie. Odkryj nasz\u0105 ofert\u0119 i do\u0142\u0105cz do nas!<\/p>\t\t\t\t\t\t\t\t<\/div>\n\t\t\t\t<\/div>\n\t\t\t\t\t<\/div>\n\t\t\t\t<\/div>\n\t\t<div class=\"elementor-element elementor-element-2b866d2 e-flex e-con-boxed e-con e-parent\" data-id=\"2b866d2\" data-element_type=\"container\" data-e-type=\"container\">\n\t\t\t\t\t<div class=\"e-con-inner\">\n\t\t<div class=\"elementor-element elementor-element-b2e6e26 e-grid e-con-boxed e-con e-child\" data-id=\"b2e6e26\" data-element_type=\"container\" data-e-type=\"container\">\n\t\t\t\t\t<div class=\"e-con-inner\">\n\t\t\t\t<div class=\"elementor-element elementor-element-89fc1e0 elementor-widget elementor-widget-image\" data-id=\"89fc1e0\" data-element_type=\"widget\" data-e-type=\"widget\" data-widget_type=\"image.default\">\n\t\t\t\t\t\t\t\t\t\t\t\t\t\t\t<img fetchpriority=\"high\" decoding=\"async\" width=\"1920\" height=\"1080\" src=\"http:\/\/www.studiosztukakazda.pl\/wp-content\/uploads\/2026\/01\/placeholder-demo-image-640x640-1.jpg\" class=\"attachment-full size-full wp-image-92\" alt=\"\" srcset=\"http:\/\/www.studiosztukakazda.pl\/wp-content\/uploads\/2026\/01\/placeholder-demo-image-640x640-1.jpg 1920w, http:\/\/www.studiosztukakazda.pl\/wp-content\/uploads\/2026\/01\/placeholder-demo-image-640x640-1-300x169.jpg 300w, http:\/\/www.studiosztukakazda.pl\/wp-content\/uploads\/2026\/01\/placeholder-demo-image-640x640-1-1024x576.jpg 1024w, http:\/\/www.studiosztukakazda.pl\/wp-content\/uploads\/2026\/01\/placeholder-demo-image-640x640-1-768x432.jpg 768w, http:\/\/www.studiosztukakazda.pl\/wp-content\/uploads\/2026\/01\/placeholder-demo-image-640x640-1-1536x864.jpg 1536w\" sizes=\"(max-width: 1920px) 100vw, 1920px\" \/>\t\t\t\t\t\t\t\t\t\t\t\t\t\t\t<\/div>\n\t\t\t\t<div class=\"elementor-element elementor-element-d87166e elementor-widget elementor-widget-image\" data-id=\"d87166e\" data-element_type=\"widget\" data-e-type=\"widget\" data-widget_type=\"image.default\">\n\t\t\t\t\t\t\t\t\t\t\t\t\t\t\t<img fetchpriority=\"high\" decoding=\"async\" width=\"1920\" height=\"1080\" src=\"http:\/\/www.studiosztukakazda.pl\/wp-content\/uploads\/2026\/01\/placeholder-demo-image-640x640-1.jpg\" class=\"attachment-full size-full wp-image-92\" alt=\"\" srcset=\"http:\/\/www.studiosztukakazda.pl\/wp-content\/uploads\/2026\/01\/placeholder-demo-image-640x640-1.jpg 1920w, http:\/\/www.studiosztukakazda.pl\/wp-content\/uploads\/2026\/01\/placeholder-demo-image-640x640-1-300x169.jpg 300w, http:\/\/www.studiosztukakazda.pl\/wp-content\/uploads\/2026\/01\/placeholder-demo-image-640x640-1-1024x576.jpg 1024w, http:\/\/www.studiosztukakazda.pl\/wp-content\/uploads\/2026\/01\/placeholder-demo-image-640x640-1-768x432.jpg 768w, http:\/\/www.studiosztukakazda.pl\/wp-content\/uploads\/2026\/01\/placeholder-demo-image-640x640-1-1536x864.jpg 1536w\" sizes=\"(max-width: 1920px) 100vw, 1920px\" \/>\t\t\t\t\t\t\t\t\t\t\t\t\t\t\t<\/div>\n\t\t\t\t<div class=\"elementor-element elementor-element-ddc1fee elementor-widget elementor-widget-image\" data-id=\"ddc1fee\" data-element_type=\"widget\" data-e-type=\"widget\" data-widget_type=\"image.default\">\n\t\t\t\t\t\t\t\t\t\t\t\t\t\t\t<img fetchpriority=\"high\" decoding=\"async\" width=\"1920\" height=\"1080\" src=\"http:\/\/www.studiosztukakazda.pl\/wp-content\/uploads\/2026\/01\/placeholder-demo-image-640x640-1.jpg\" class=\"attachment-full size-full wp-image-92\" alt=\"\" srcset=\"http:\/\/www.studiosztukakazda.pl\/wp-content\/uploads\/2026\/01\/placeholder-demo-image-640x640-1.jpg 1920w, http:\/\/www.studiosztukakazda.pl\/wp-content\/uploads\/2026\/01\/placeholder-demo-image-640x640-1-300x169.jpg 300w, http:\/\/www.studiosztukakazda.pl\/wp-content\/uploads\/2026\/01\/placeholder-demo-image-640x640-1-1024x576.jpg 1024w, http:\/\/www.studiosztukakazda.pl\/wp-content\/uploads\/2026\/01\/placeholder-demo-image-640x640-1-768x432.jpg 768w, http:\/\/www.studiosztukakazda.pl\/wp-content\/uploads\/2026\/01\/placeholder-demo-image-640x640-1-1536x864.jpg 1536w\" sizes=\"(max-width: 1920px) 100vw, 1920px\" \/>\t\t\t\t\t\t\t\t\t\t\t\t\t\t\t<\/div>\n\t\t\t\t\t<\/div>\n\t\t\t\t<\/div>\n\t\t\t\t\t<\/div>\n\t\t\t\t<\/div>\n\t\t<div class=\"elementor-element elementor-element-1a84f19 e-con-full e-flex e-con e-parent\" data-id=\"1a84f19\" data-element_type=\"container\" data-e-type=\"container\" data-settings=\"{&quot;background_background&quot;:&quot;classic&quot;}\">\n\t\t<div class=\"elementor-element elementor-element-7e7f8ab e-flex e-con-boxed e-con e-child\" data-id=\"7e7f8ab\" data-element_type=\"container\" data-e-type=\"container\">\n\t\t\t\t\t<div class=\"e-con-inner\">\n\t\t\t\t<div class=\"elementor-element elementor-element-248dac7 elementor-widget elementor-widget-heading\" data-id=\"248dac7\" data-element_type=\"widget\" data-e-type=\"widget\" data-widget_type=\"heading.default\">\n\t\t\t\t\t<h2 class=\"elementor-heading-title elementor-size-default\">Nasz Zesp\u00f3\u0142<\/h2>\t\t\t\t<\/div>\n\t\t\t\t<div class=\"elementor-element elementor-element-89e3156 elementor-widget elementor-widget-heading\" data-id=\"89e3156\" data-element_type=\"widget\" data-e-type=\"widget\" data-widget_type=\"heading.default\">\n\t\t\t\t\t<h5 class=\"elementor-heading-title elementor-size-default\">Poznaj nasze talenty, kt\u00f3re podzielaj\u0105 pasj\u0119 do sztuki i edukacji.<\/h5>\t\t\t\t<\/div>\n\t\t\t\t\t<\/div>\n\t\t\t\t<\/div>\n\t\t<div class=\"elementor-element elementor-element-aa75a94 e-flex e-con-boxed e-con e-child\" data-id=\"aa75a94\" data-element_type=\"container\" data-e-type=\"container\">\n\t\t\t\t\t<div class=\"e-con-inner\">\n\t\t\t\t<div class=\"elementor-element elementor-element-cedb661 elementor-widget elementor-widget-nested-carousel\" data-id=\"cedb661\" data-element_type=\"widget\" data-e-type=\"widget\" data-widget_type=\"nested-carousel.default\">\n\t\t\t\t<div class=\"elementor-widget-container\">\n\t\t\t\t\t \t\t\t\t<\/div>\n\t\t\t\t<\/div>\n\t\t\t\t\t<\/div>\n\t\t\t\t<\/div>\n\t\t\t\t<\/div>\n\t\t<div class=\"elementor-element elementor-element-6abd6a6 e-flex e-con-boxed e-con e-parent\" data-id=\"6abd6a6\" data-element_type=\"container\" data-e-type=\"container\" data-settings=\"{&quot;background_background&quot;:&quot;classic&quot;}\">\n\t\t\t\t\t<div class=\"e-con-inner\">\n\t\t<div class=\"elementor-element elementor-element-c63560f e-con-full e-flex e-con e-child\" data-id=\"c63560f\" data-element_type=\"container\" data-e-type=\"container\">\n\t\t\t\t<div class=\"elementor-element elementor-element-a681d41 elementor-widget elementor-widget-heading\" data-id=\"a681d41\" data-element_type=\"widget\" data-e-type=\"widget\" data-widget_type=\"heading.default\">\n\t\t\t\t\t<h5 class=\"elementor-heading-title elementor-size-default\">Co m\u00f3wi\u0105 nasi klienci?<\/h5>\t\t\t\t<\/div>\n\t\t\t\t<div class=\"elementor-element elementor-element-d1b75b6 elementor-widget elementor-widget-heading\" data-id=\"d1b75b6\" data-element_type=\"widget\" data-e-type=\"widget\" data-widget_type=\"heading.default\">\n\t\t\t\t\t<h2 class=\"elementor-heading-title elementor-size-default\">Wra\u017cenia uczestnik\u00f3w naszych warsztat\u00f3w<\/h2>\t\t\t\t<\/div>\n\t\t\t\t<\/div>\n\t\t<div class=\"elementor-element elementor-element-0f707ef e-con-full e-flex e-con e-child\" data-id=\"0f707ef\" data-element_type=\"container\" data-e-type=\"container\">\n\t\t\t\t<div class=\"elementor-element elementor-element-1f51c96 elementor-widget__width-initial elementor-widget elementor-widget-image\" data-id=\"1f51c96\" data-element_type=\"widget\" data-e-type=\"widget\" data-widget_type=\"image.default\">\n\t\t\t\t\t\t\t\t\t\t\t\t\t\t\t<img decoding=\"async\" width=\"800\" height=\"800\" src=\"http:\/\/www.studiosztukakazda.pl\/wp-content\/uploads\/2026\/01\/wireframe-img-1-e1708013680578-1024x1024.png\" class=\"attachment-large size-large wp-image-88\" alt=\"\" srcset=\"http:\/\/www.studiosztukakazda.pl\/wp-content\/uploads\/2026\/01\/wireframe-img-1-e1708013680578-1024x1024.png 1024w, http:\/\/www.studiosztukakazda.pl\/wp-content\/uploads\/2026\/01\/wireframe-img-1-e1708013680578-300x300.png 300w, http:\/\/www.studiosztukakazda.pl\/wp-content\/uploads\/2026\/01\/wireframe-img-1-e1708013680578-150x150.png 150w, http:\/\/www.studiosztukakazda.pl\/wp-content\/uploads\/2026\/01\/wireframe-img-1-e1708013680578-768x767.png 768w, http:\/\/www.studiosztukakazda.pl\/wp-content\/uploads\/2026\/01\/wireframe-img-1-e1708013680578.png 1081w\" sizes=\"(max-width: 800px) 100vw, 800px\" \/>\t\t\t\t\t\t\t\t\t\t\t\t\t\t\t<\/div>\n\t\t\t\t<div class=\"elementor-element elementor-element-c07ddd1 elementor--star-style-\u2b50\u2b50\u2b50\u2b50\u2b50 elementor-star-rating--align-center elementor-widget elementor-widget-star-rating\" data-id=\"c07ddd1\" data-element_type=\"widget\" data-e-type=\"widget\" data-widget_type=\"star-rating.default\">\n\t\t\t\t\t\t\t<div class=\"elementor-star-rating__wrapper\">\n\t\t\t\t\t\t<div class=\"elementor-star-rating\" itemtype=\"http:\/\/schema.org\/Rating\" itemscope=\"\" itemprop=\"reviewRating\">\n\t\t\t\t<i class=\"elementor-star-full\" aria-hidden=\"true\">&#xE934;<\/i><i class=\"elementor-star-full\" aria-hidden=\"true\">&#xE934;<\/i><i class=\"elementor-star-full\" aria-hidden=\"true\">&#xE934;<\/i><i class=\"elementor-star-full\" aria-hidden=\"true\">&#xE934;<\/i><i class=\"elementor-star-full\" aria-hidden=\"true\">&#xE934;<\/i>\t\t\t\t<span itemprop=\"ratingValue\" class=\"elementor-screen-only\">Ocena 5 z 5<\/span>\n\t\t\t<\/div>\n\t\t<\/div>\n\t\t\t\t\t\t<\/div>\n\t\t\t\t<div class=\"elementor-element elementor-element-e19aae4 elementor-widget elementor-widget-testimonial\" data-id=\"e19aae4\" data-element_type=\"widget\" data-e-type=\"widget\" data-widget_type=\"testimonial.default\">\n\t\t\t\t\t\t\t<div class=\"elementor-testimonial-wrapper\">\n\t\t\t\t\t\t\t<div class=\"elementor-testimonial-content\">Warsztaty by\u0142y niesamowite! Pozna\u0142em wiele nowych technik, kt\u00f3re z pewno\u015bci\u0105 wykorzystam w swoich projektach. Atmosfera by\u0142a bardzo przyjazna.<\/div>\n\t\t\t\n\t\t\t\t\t\t<div class=\"elementor-testimonial-meta\">\n\t\t\t\t<div class=\"elementor-testimonial-meta-inner\">\n\t\t\t\t\t\n\t\t\t\t\t\t\t\t\t\t<div class=\"elementor-testimonial-details\">\n\t\t\t\t\t\t\t\t\t\t\t\t\t\t<div class=\"elementor-testimonial-name\">Kasia Nowak<\/div>\n\t\t\t\t\t\t\t\t\t\t\t\t\t\t\t\t\t\t\t\t\t\t<div class=\"elementor-testimonial-job\">Artysta-amator<\/div>\n\t\t\t\t\t\t\t\t\t\t\t\t\t<\/div>\n\t\t\t\t\t\t\t\t\t<\/div>\n\t\t\t<\/div>\n\t\t\t\t\t<\/div>\n\t\t\t\t\t\t<\/div>\n\t\t\t\t<\/div>\n\t\t\t\t\t<\/div>\n\t\t\t\t<\/div>\n\t\t<div class=\"elementor-element elementor-element-1c0f94b e-flex e-con-boxed e-con e-parent\" data-id=\"1c0f94b\" data-element_type=\"container\" data-e-type=\"container\" data-settings=\"{&quot;background_background&quot;:&quot;classic&quot;}\">\n\t\t\t\t\t<div class=\"e-con-inner\">\n\t\t<div class=\"elementor-element elementor-element-988dd3f e-flex e-con-boxed e-con e-child\" data-id=\"988dd3f\" data-element_type=\"container\" data-e-type=\"container\">\n\t\t\t\t\t<div class=\"e-con-inner\">\n\t\t\t\t<div class=\"elementor-element elementor-element-f166c4e elementor-widget elementor-widget-heading\" data-id=\"f166c4e\" data-element_type=\"widget\" data-e-type=\"widget\" data-widget_type=\"heading.default\">\n\t\t\t\t\t<h4 class=\"elementor-heading-title elementor-size-default\">Zapisz si\u0119 na nasze warsztaty!<\/h4>\t\t\t\t<\/div>\n\t\t\t\t<div class=\"elementor-element elementor-element-4646ff5 elementor-widget__width-auto elementor-align-right elementor-widget elementor-widget-button\" data-id=\"4646ff5\" data-element_type=\"widget\" data-e-type=\"widget\" data-widget_type=\"button.default\">\n\t\t\t\t\t\t\t\t\t\t<a class=\"elementor-button elementor-button-link elementor-size-sm\" href=\"#\">\n\t\t\t\t\t\t<span class=\"elementor-button-content-wrapper\">\n\t\t\t\t\t\t\t\t\t<span class=\"elementor-button-text\">Do\u0142\u0105cz teraz<\/span>\n\t\t\t\t\t<\/span>\n\t\t\t\t\t<\/a>\n\t\t\t\t\t\t\t\t<\/div>\n\t\t\t\t\t<\/div>\n\t\t\t\t<\/div>\n\t\t\t\t\t<\/div>\n\t\t\t\t<\/div>\n\t\t<div class=\"elementor-element elementor-element-27b606f e-flex e-con-boxed e-con e-parent\" data-id=\"27b606f\" data-element_type=\"container\" data-e-type=\"container\">\n\t\t\t\t\t<div class=\"e-con-inner\">\n\t\t\t\t<div class=\"elementor-element elementor-element-4bed3ca elementor-widget elementor-widget-heading\" data-id=\"4bed3ca\" data-element_type=\"widget\" data-e-type=\"widget\" data-widget_type=\"heading.default\">\n\t\t\t\t\t<h2 class=\"elementor-heading-title elementor-size-default\">Galeria zdj\u0119\u0107<\/h2>\t\t\t\t<\/div>\n\t\t\t\t<div class=\"elementor-element elementor-element-2e7b6e8 elementor-widget elementor-widget-heading\" data-id=\"2e7b6e8\" data-element_type=\"widget\" data-e-type=\"widget\" data-widget_type=\"heading.default\">\n\t\t\t\t\t<h5 class=\"elementor-heading-title elementor-size-default\">Zapraszamy do zapoznania si\u0119 z naszymi pracami i chwilami z warsztat\u00f3w. Zobacz, co tworzymy!<\/h5>\t\t\t\t<\/div>\n\t\t\t\t\t<\/div>\n\t\t\t\t<\/div>\n\t\t<div class=\"elementor-element elementor-element-0dc23d9 e-flex e-con-boxed e-con e-parent\" data-id=\"0dc23d9\" data-element_type=\"container\" data-e-type=\"container\">\n\t\t\t\t\t<div class=\"e-con-inner\">\n\t\t<div class=\"elementor-element elementor-element-262bbf5 e-flex e-con-boxed e-con e-child\" data-id=\"262bbf5\" data-element_type=\"container\" data-e-type=\"container\">\n\t\t\t\t\t<div class=\"e-con-inner\">\n\t\t\t\t<div class=\"elementor-element elementor-element-66f4264 elementor-widget elementor-widget-slides\" data-id=\"66f4264\" data-element_type=\"widget\" data-e-type=\"widget\" data-widget_type=\"slides.default\">\n\t\t\t\t<div class=\"elementor-widget-container\">\n\t\t\t\t\t \t\t\t\t<\/div>\n\t\t\t\t<\/div>\n\t\t\t\t<div class=\"elementor-element elementor-element-c628fc2 elementor-widget elementor-widget-slides\" data-id=\"c628fc2\" data-element_type=\"widget\" data-e-type=\"widget\" data-widget_type=\"slides.default\">\n\t\t\t\t<div class=\"elementor-widget-container\">\n\t\t\t\t\t \t\t\t\t<\/div>\n\t\t\t\t<\/div>\n\t\t\t\t\t<\/div>\n\t\t\t\t<\/div>\n\t\t\t\t\t<\/div>\n\t\t\t\t<\/div>\n\t\t\t\t<\/div>\n\t\t","protected":false},"excerpt":{"rendered":"<p>Sztuka w ka\u017cdym detalu Witaj w naszym artystycznym \u015bwiecie. Oferujemy warsztaty i wydarzenia, kt\u00f3re rozwijaj\u0105 kreatywno\u015b\u0107 i pasj\u0119 do sztuki. Niezale\u017cnie od wieku czy do\u015bwiadczenia, ka\u017cdy znajdzie co\u015b dla siebie. Odkryj nasz\u0105 ofert\u0119 i do\u0142\u0105cz do nas! Nasz Zesp\u00f3\u0142 Poznaj nasze talenty, kt\u00f3re podzielaj\u0105 pasj\u0119 do sztuki i edukacji. Anna Nowak Pedagog sztuki Anna prowadzi [&hellip;]<\/p>\n","protected":false},"author":1,"featured_media":0,"parent":0,"menu_order":0,"comment_status":"closed","ping_status":"closed","template":"","meta":{"footnotes":""},"class_list":["post-77","page","type-page","status-publish","hentry"],"_links":{"self":[{"href":"https:\/\/www.studiosztukakazda.pl\/index.php\/wp-json\/wp\/v2\/pages\/77","targetHints":{"allow":["GET"]}}],"collection":[{"href":"https:\/\/www.studiosztukakazda.pl\/index.php\/wp-json\/wp\/v2\/pages"}],"about":[{"href":"https:\/\/www.studiosztukakazda.pl\/index.php\/wp-json\/wp\/v2\/types\/page"}],"author":[{"embeddable":true,"href":"https:\/\/www.studiosztukakazda.pl\/index.php\/wp-json\/wp\/v2\/users\/1"}],"replies":[{"embeddable":true,"href":"https:\/\/www.studiosztukakazda.pl\/index.php\/wp-json\/wp\/v2\/comments?post=77"}],"version-history":[{"count":5,"href":"https:\/\/www.studiosztukakazda.pl\/index.php\/wp-json\/wp\/v2\/pages\/77\/revisions"}],"predecessor-version":[{"id":214,"href":"https:\/\/www.studiosztukakazda.pl\/index.php\/wp-json\/wp\/v2\/pages\/77\/revisions\/214"}],"wp:attachment":[{"href":"https:\/\/www.studiosztukakazda.pl\/index.php\/wp-json\/wp\/v2\/media?parent=77"}],"curies":[{"name":"wp","href":"https:\/\/api.w.org\/{rel}","templated":true}]}}